{"id":3833,"date":"2024-11-29T13:57:07","date_gmt":"2024-11-29T13:57:07","guid":{"rendered":"https:\/\/turknak.com.tr\/tr\/?page_id=3833"},"modified":"2024-11-29T13:58:10","modified_gmt":"2024-11-29T13:58:10","slug":"proje-tasimaciligi","status":"publish","type":"page","link":"https:\/\/turknak.com.tr\/tr\/proje-tasimaciligi\/","title":{"rendered":"PROJE TA\u015eIMACILI\u011eI"},"content":{"rendered":"<p>[vc_row][vc_column][vc_column_text]Bu hizmetleri sunarken \u00e7al\u0131\u015fmalar\u0131nda ta\u015f\u0131ma yap\u0131lacak g\u00fczergah boyu \u00fclkeler ile; nihai var\u0131\u015f \u00fclkesi ve bo\u015faltma b\u00f6lgesinin o \u00fclke ve b\u00f6lgelere ait yasal prosed\u00fcrlerini inceler, do\u011fru ekipman ihtiyac\u0131n\u0131 belirlemi\u015f, olas\u0131 riskleri minimize etmi\u015ftir.<\/p>\n\n<p>Gerekli g\u00f6rmesi durumunda m\u00fc\u015fterisi ile alternatif ta\u015f\u0131ma mod\u00fclleri ve kar\u015f\u0131 \u00e7\u00f6z\u00fcm \u00fcreterek bunu payla\u015fmaktad\u0131r. Yerinde tespit, risk analizi, \u00fcretim sahas\u0131ndan nihai teslim yerine kadar olan sorumlulu\u011fu bilincindedir.<\/p>\n<p>[\/vc_column_text][\/vc_column][\/vc_row]<\/p>\n","protected":false},"excerpt":{"rendered":"<p>[vc_row][vc_column][vc_column_text]Bu hizmetleri sunarken \u00e7al\u0131\u015fmalar\u0131nda ta\u015f\u0131ma yap\u0131lacak g\u00fczergah boyu \u00fclkeler ile; nihai var\u0131\u015f \u00fclkesi ve bo\u015faltma b\u00f6lgesinin o \u00fclke ve b\u00f6lgelere ait yasal prosed\u00fcrlerini inceler, do\u011fru ekipman ihtiyac\u0131n\u0131 belirlemi\u015f, olas\u0131 riskleri minimize etmi\u015ftir. Gerekli g\u00f6rmesi durumunda m\u00fc\u015fterisi ile alternatif ta\u015f\u0131ma mod\u00fclleri ve kar\u015f\u0131 \u00e7\u00f6z\u00fcm \u00fcreterek bunu payla\u015fmaktad\u0131r. Yerinde tespit, risk analizi, \u00fcretim sahas\u0131ndan nihai teslim yerine [&hellip;]<\/p>\n","protected":false},"author":1,"featured_media":0,"parent":0,"menu_order":0,"comment_status":"closed","ping_status":"closed","template":"","meta":{"footnotes":""},"class_list":["post-3833","page","type-page","status-publish","hentry"],"_links":{"self":[{"href":"https:\/\/turknak.com.tr\/tr\/wp-json\/wp\/v2\/pages\/3833","targetHints":{"allow":["GET"]}}],"collection":[{"href":"https:\/\/turknak.com.tr\/tr\/wp-json\/wp\/v2\/pages"}],"about":[{"href":"https:\/\/turknak.com.tr\/tr\/wp-json\/wp\/v2\/types\/page"}],"author":[{"embeddable":true,"href":"https:\/\/turknak.com.tr\/tr\/wp-json\/wp\/v2\/users\/1"}],"replies":[{"embeddable":true,"href":"https:\/\/turknak.com.tr\/tr\/wp-json\/wp\/v2\/comments?post=3833"}],"version-history":[{"count":2,"href":"https:\/\/turknak.com.tr\/tr\/wp-json\/wp\/v2\/pages\/3833\/revisions"}],"predecessor-version":[{"id":3835,"href":"https:\/\/turknak.com.tr\/tr\/wp-json\/wp\/v2\/pages\/3833\/revisions\/3835"}],"wp:attachment":[{"href":"https:\/\/turknak.com.tr\/tr\/wp-json\/wp\/v2\/media?parent=3833"}],"curies":[{"name":"wp","href":"https:\/\/api.w.org\/{rel}","templated":true}]}}