{"id":3831,"date":"2024-11-29T13:55:18","date_gmt":"2024-11-29T13:55:18","guid":{"rendered":"https:\/\/turknak.com.tr\/tr\/?page_id=3831"},"modified":"2024-11-29T13:55:21","modified_gmt":"2024-11-29T13:55:21","slug":"lojistik-terimleri","status":"publish","type":"page","link":"https:\/\/turknak.com.tr\/tr\/lojistik-terimleri\/","title":{"rendered":"LOJ\u0130ST\u0130K TER\u0130MLER\u0130"},"content":{"rendered":"\n<p><strong>ULUSLARARASI \u00d6RG\u00dcTLER<\/strong><\/p>\n\n\n\n<figure class=\"wp-block-table\"><table class=\"has-fixed-layout\"><tbody><tr><td><strong>EEC<\/strong><br><strong>EFTA<\/strong><br><strong>FAO<\/strong><br><strong>GATT<\/strong><br><strong>IATA<\/strong><br><strong>IBRD<\/strong><br><strong>ICC<\/strong><br><strong>ICJ<\/strong><br><strong>IMF<\/strong><br><strong>NATO<\/strong><br><strong>OECD<\/strong><br><strong>OPEC<\/strong><br><strong>UN<\/strong><br><strong>UNESCO<\/strong><br><strong>UNICEF<\/strong><br><strong>WHO<\/strong><\/td><td>: Avrupa Ekonomi Toplulu\u011fu (European Economic Community)<br>: Avrupa Serbest Ticaret Birli\u011fi (European Free Trade Association)<br>: Birle\u015fmi\u015f Milletler G\u0131da ve Tar\u0131m Organizasyonu (Food &amp; Agriculture Org. Of United Nations)<br>: G\u00fcmr\u00fck ve Ticaret Genel Anla\u015fmas\u0131 (General Agreement on Tariffs &amp; Trade)<br>: Uluslararas\u0131 Hava Ta\u015f\u0131mac\u0131l\u0131\u011f\u0131 Birli\u011fi (International Air Transport Association)<br>: Uluslararas\u0131 \u0130mar ve Kalk\u0131nma Bankas\u0131 (International Bank For Reconstruction &amp; Development)<br>: Uluslararas\u0131 Ticaret Odas\u0131 (International Chamber Of Commerce)<br>: Uluslararas\u0131 Adalet Divan\u0131 (International Court Of Justice)<br>: Uluslararas\u0131 Para Fonu (International Manetary Fund)<br>: Kuzey Atlantik Savunma Pakt\u0131 (North Atlantic Treaty Organization)<br>: Ekonomik \u0130\u015fbirli\u011fi ve Geli\u015fme \u00d6rg\u00fct\u00fc (Organization For Economic Cooperation &amp; Development)<br>: Petrol \u0130hra\u00e7 Eden \u00dclkeler \u00d6rg\u00fct\u00fc (Organization Of Petroleum Exporting Countries)<br>: Birle\u015fmi\u015f Milletler (United Nations)<br>: Birle\u015fmi\u015f Milletler E\u011fitim ve K\u00fclt\u00fcr \u00d6rg\u00fct\u00fc (United Nations Educational Scientific &amp; Culture Org.)<br>: Birle\u015fmi\u015f Milletleri Uluslararas\u0131 \u00c7ocuk Acil Yard\u0131m Fonu (United Nations Internat. Children\u2019s E. Fund)<br>: D\u00fcnya Sa\u011fl\u0131k \u00d6rg\u00fct\u00fc (World Health Organization)<\/td><\/tr><\/tbody><\/table><\/figure>\n\n\n\n<p><strong>T\u0130CAR\u0130 TER\u0130MLER<\/strong><\/p>\n\n\n\n<figure class=\"wp-block-table\"><table class=\"has-fixed-layout\"><tbody><tr><td><strong>Air consignment note<\/strong><br><strong>Airway bill<\/strong><br><strong>Approx.<\/strong><br><strong>ARR<\/strong><br><strong>B\/L<\/strong><br><strong>ca.<\/strong><br><strong>c.a.d. (c\/d)<\/strong><br><strong>c.a.f.<\/strong><br><strong>cargo<\/strong><br><strong>Carriage<\/strong><br><strong>Carrier<\/strong><br><strong>c.o.d.<\/strong><br><strong>Certificate of origin<\/strong><br><strong>c.+f<\/strong><br><strong>c.+i<\/strong><br><strong>Charge<\/strong><br><strong>Chargeable weight<\/strong><br><strong>CIF<\/strong><br><strong>c.i.f.<\/strong><br><strong>c.i.f.+c<\/strong><br><strong>c.i.f. landed<\/strong><br><strong>Consignee<\/strong><br><strong>Consignment<\/strong><br><strong>c.o.s.<\/strong><br><strong>CPT<\/strong><br><strong>CRF<\/strong><br><strong>DAF<\/strong><br><strong>DDP<\/strong><br><strong>DDU<\/strong><br><strong>Demurrage<\/strong><br><strong>DEP<\/strong><br><strong>DES<\/strong><br><strong>DEQ<\/strong><br><strong>e.t.a.<\/strong><br><strong>EXW<\/strong><br><strong>f.o.b.<\/strong><br><strong>Force majeure<\/strong><br><strong>f.o.t.<\/strong><br><strong>Goods<\/strong><br><strong>Handling<\/strong><br><strong>Incoterms<\/strong><br><strong>L\/C<\/strong><br><strong>Offload<\/strong><br><strong>pd<\/strong><br><strong>p.o.d.<\/strong><br><strong>Shipment<\/strong><br><strong>w\/m<\/strong><br><strong>EXW<\/strong><br><strong>FCA<\/strong><br><strong>FAS<\/strong><br><strong>FOB<\/strong><br><strong>CFR<\/strong><br><strong>B\/G<\/strong><br><strong>C.H.<\/strong><br><strong>C\/H<\/strong><br><strong>C\/N<\/strong><br><strong>C\/O<\/strong><br><strong>D\/A<\/strong><br><strong>D\/P<\/strong><br><strong>f.o.c.<\/strong><br><strong>f.p.<\/strong><br><strong>F.T.W.<\/strong><br><strong>carr.pd.<\/strong><br><strong>cash b\/<\/strong><br><strong>C.b.d.<\/strong><br><strong>C.i.a.<\/strong><br><strong>c\/m<\/strong><br><strong>conf<\/strong><br><strong>C.o.S.<\/strong><br><strong>c.r.s.<\/strong><br><strong>c.w.o.<\/strong><br><strong>D\/N<\/strong><br><strong>mat.<\/strong><br><strong>E.P.D.<\/strong><br><strong>F.A.C.<\/strong><br><strong>F.a.q.<\/strong><br><strong>A.F.<\/strong><br><strong>Anch.<\/strong><br><strong>B.D.i.<\/strong><br><strong>Bo\/s<\/strong><br><strong>E.T.A.<\/strong><br><strong>E.T.D.<\/strong><br><strong>F. &amp; D.<\/strong><br><strong>FRT.<\/strong><br><strong>T\/C<\/strong><br><strong>Afft.<\/strong><br><strong>art.<\/strong><br><strong>a\/s<\/strong><br><strong>A\/S<\/strong><br><strong>c.r.m<\/strong><br><strong>D.a.<\/strong><br><strong>D.a.d.<\/strong><br><strong>Irr.<\/strong><br><strong>Irrev.<\/strong><br><strong>Led.<\/strong><br><strong>I.h.<\/strong><br><strong>liq.<\/strong><br><strong>o\/c.<\/strong><br><strong>o.d.<\/strong><\/td><td>: Hava kon\u015fimentosu<br>: Hava kon\u015fimentosu<br>: Approximetaly (a\u015fa\u011f\u0131 yukar\u0131, yakla\u015f\u0131k)<br>: Arrival (var\u0131\u015f saati)<br>: Bill of lading (kon\u015fimento)<br>: Circa (tahminen)<br>: Cash against documents (vesaik m\u00fckabili)<br>: Co\u00fct, assurance, fret, c.i.f. (mal\u0131n bedeli, sigorta ve navlun)<br>: Ta\u015f\u0131ma, y\u00fck<br>: Ta\u015f\u0131ma, naliye<br>: Ta\u015f\u0131y\u0131c\u0131<br>: Charges collect (masraflar al\u0131c\u0131ya ait)<br>: Men\u015fei \u015fahadatnamesi<br>: Cost and freight (mal\u0131n bedeli ve ta\u015f\u0131ma \u00fccreti)<br>: Cost and insurance (mal\u0131n bedeli ve sigortas\u0131)<br>: Masraf, har\u00e7, \u00fccret<br>: \u00dccrete tabi a\u011f\u0131rl\u0131k<br>: Mal bedeli olarak teslim<br>: Mal\u0131n bedeli, sigorta ve navlun<br>: Cost, insurance, freight and commision (mal\u0131n bedeli, sigorta, navlun ve giderleri dahil)<br>: Cost, insurance, freight, landed (mal\u0131n bedeli, sigorta, navlun ve bo\u015faltma masraflar\u0131)<br>: Kendine mal g\u00f6nderilen<br>: G\u00f6nderilen mal, mal g\u00f6nderme, sevkiyat<br>: Charterer pays des (har\u00e7lar\u0131 kiralayan \u00f6deme)<br>: Ta\u015f\u0131ma \u00fccreti \u00f6denmi\u015f olarak teslim alma<br>: Mal bedeli ve navlun<br>: S\u0131n\u0131rda teslim<br>: G\u00fcmr\u00fck resmi \u00f6denmi\u015f olarak teslim<br>: G\u00fcmr\u00fck resmi \u00f6denmeksizin teslim<br>: Demoraj<br>: Departure (hareket saati)<br>: Gemide teslim<br>: R\u0131ht\u0131mda teslim<br>: Geminin tahmini var\u0131\u015f zaman\u0131<br>: \u0130\u015f yerinden teslim<br>: Free on board (gemide teslim)<br>: M\u00fccbir sebep<br>: Free on truck (klamyonda teslim)<br>: Emti, mal<br>: Y\u00fckleme i\u015flemleri<br>: Intenational commercial terms(uluslararas\u0131 ticaret terimleri)<br>: Letter of credit (akreditif)<br>: Bo\u015falt\u0131lm\u0131\u015f y\u00fck<br>: Paid (\u00f6dendi)<br>: Teslimde \u00f6demeli<br>: Sevkiyat<br>: Weight or measurement (navlunun a\u011f\u0131rl\u0131\u011fa veya hacme g\u00f6re hesaplanmas\u0131)<br>: Belirtilen yerde teslim.<br>: Belirtilen yerde ta\u015f\u0131y\u0131c\u0131ya teslim<br>: Belirtilen limanda gemi yan\u0131nda teslim<br>: Belirtilen limanda gemi g\u00fcvertesinde teslim<br>: Var\u0131\u015f liman\u0131nda mal bedeli ve navlun \u00f6denmi\u015f<br>: G\u00fcmr\u00fck \u00f6denmemi\u015f transit mal<br>: G\u00fcmr\u00fck Dairesi<br>: Takas Dairesi<br>: Alacak dekontu<br>: Men\u015fe \u015eahadetnamesi<br>: Kabul kar\u015f\u0131l\u0131\u011f\u0131 vesaik<br>: \u00d6deme kar\u015f\u0131l\u0131\u011f\u0131 vesaik<br>: \u00dccretsiz<br>: T\u00fcm\u00fcyle \u00f6denmi\u015f<br>: Serbest ticaret liman\u0131<br>: Ta\u015f\u0131ma \u00fccreti \u00f6denmi\u015f<br>: Kon\u015fimento kar\u015f\u0131l\u0131\u011f\u0131 pe\u015fin \u00f6deme<br>: Teslimden \u00f6nce \u00f6deme<br>: Pe\u015fin para<br>: \u0130malat belgesi<br>: Teyit \/ teyitli<br>: Sevkiyat an\u0131nda pe\u015fin<br>: Geminin d\u00f6n\u00fc\u015f\u00fcnde \u00f6denecek<br>: Sipari\u015f verildi\u011finde \u00f6deme<br>: Bor\u00e7 dekontu<br>: Vade<br>: Ola\u011fan\u00fcst\u00fc kazan\u00e7 vergisi<br>: M\u00fcmk\u00fcn olan s\u00fcratle<br>: Uygun ticari kalite<br>: Pe\u015fin avans navlun<br>: Demir yeri<br>: Her iki tarih dahil<br>: Gemi m\u00fclkiyetini devreden vesika<br>: Geminin tahmini var\u0131\u015f tarihi<br>: Tahmini ayr\u0131l\u0131\u015f tarihi<br>: Navlun ve S\u00fcrastarya<br>: Navlun<br>: Zamanla s\u0131n\u0131rl\u0131 gemi kiralama s\u00f6zle\u015fmesi<br>: Yeminli yaz\u0131l\u0131 ifade<br>: \u0130statistik pozisyonu \/ madde<br>: G\u00f6r\u00fcld\u00fc\u011f\u00fcnde, ibraz\u0131nda<br>: Sat\u0131\u015f hesab\u0131 \/ g\u00f6r\u00fcld\u00fckten sonra<br>: D\u00f6n\u00fc\u015f postas\u0131 geldi\u011finde \/ Emtia al\u0131nd\u0131\u011f\u0131nda \u00f6denecek<br>: Vesaik mukabili kabul<br>: Tahsilat\u0131 yapan bankan\u0131n takdiri kar\u015f\u0131l\u0131\u011f\u0131nda vesaik<br>: \u0130tfa edilemez<br>: Rucu edilemez (gayrikabilirucu)<br>: Defterikebir<br>: \u0130potek mektubu<br>: Tasfiye, tasfiye edilmi\u015f \/ likid<br>: Fazla masraf ekleme<br>: Talep halinde \/ Kredi limitini a\u015fma<\/td><\/tr><\/tbody><\/table><\/figure>\n","protected":false},"excerpt":{"rendered":"<p>ULUSLARARASI \u00d6RG\u00dcTLER EECEFTAFAOGATTIATAIBRDICCICJIMFNATOOECDOPECUNUNESCOUNICEFWHO : Avrupa Ekonomi Toplulu\u011fu (European Economic Community): Avrupa Serbest Ticaret Birli\u011fi (European Free Trade Association): Birle\u015fmi\u015f Milletler G\u0131da ve Tar\u0131m Organizasyonu (Food &amp; Agriculture Org. Of United Nations): G\u00fcmr\u00fck ve Ticaret Genel Anla\u015fmas\u0131 (General Agreement on Tariffs &amp; Trade): Uluslararas\u0131 Hava Ta\u015f\u0131mac\u0131l\u0131\u011f\u0131 Birli\u011fi (International Air Transport Association): Uluslararas\u0131 \u0130mar ve Kalk\u0131nma Bankas\u0131 [&hellip;]<\/p>\n","protected":false},"author":1,"featured_media":0,"parent":0,"menu_order":0,"comment_status":"closed","ping_status":"closed","template":"","meta":{"footnotes":""},"class_list":["post-3831","page","type-page","status-publish","hentry"],"_links":{"self":[{"href":"https:\/\/turknak.com.tr\/tr\/wp-json\/wp\/v2\/pages\/3831","targetHints":{"allow":["GET"]}}],"collection":[{"href":"https:\/\/turknak.com.tr\/tr\/wp-json\/wp\/v2\/pages"}],"about":[{"href":"https:\/\/turknak.com.tr\/tr\/wp-json\/wp\/v2\/types\/page"}],"author":[{"embeddable":true,"href":"https:\/\/turknak.com.tr\/tr\/wp-json\/wp\/v2\/users\/1"}],"replies":[{"embeddable":true,"href":"https:\/\/turknak.com.tr\/tr\/wp-json\/wp\/v2\/comments?post=3831"}],"version-history":[{"count":1,"href":"https:\/\/turknak.com.tr\/tr\/wp-json\/wp\/v2\/pages\/3831\/revisions"}],"predecessor-version":[{"id":3832,"href":"https:\/\/turknak.com.tr\/tr\/wp-json\/wp\/v2\/pages\/3831\/revisions\/3832"}],"wp:attachment":[{"href":"https:\/\/turknak.com.tr\/tr\/wp-json\/wp\/v2\/media?parent=3831"}],"curies":[{"name":"wp","href":"https:\/\/api.w.org\/{rel}","templated":true}]}}