{"id":3829,"date":"2024-11-29T13:53:19","date_gmt":"2024-11-29T13:53:19","guid":{"rendered":"https:\/\/turknak.com.tr\/tr\/?page_id=3829"},"modified":"2024-11-29T13:53:21","modified_gmt":"2024-11-29T13:53:21","slug":"lojistik","status":"publish","type":"page","link":"https:\/\/turknak.com.tr\/tr\/lojistik\/","title":{"rendered":"LOJ\u0130ST\u0130K"},"content":{"rendered":"\n<p>Artan rekabet, global pazarlarda yer alma hedefleri \u015firketlerin ana i\u015flerine odaklanmalar\u0131na yol a\u00e7m\u0131\u015ft\u0131r. Ana i\u015flerinin d\u0131\u015f\u0131nda kalan fakat rekabette belirleyici \u00f6neme sahip&nbsp;<strong>tedarik zinciri y\u00f6netimi<\/strong>&nbsp;bu konuda uzman firmalar\u0131n do\u011fmas\u0131na neden olmu\u015ftur.<\/p>\n\n\n\n<p>Uzmanla\u015fm\u0131\u015f, \u00f6l\u00e7ek ekonomisinden yararlanan&nbsp;<strong>lojistik altyap\u0131s\u0131na ve bilgi teknolojilerine yat\u0131r\u0131m yapm\u0131\u015f lojistik hizmet sa\u011flay\u0131c\u0131lar<\/strong>&nbsp;sayesinde esnek ve verimli tedarik zinciri y\u00f6netimini hedefleyen firmalar d\u0131\u015f kaynak kullan\u0131m\u0131na y\u00f6nlenmektedir. Firmalara Lojistik Hizmetleri;<\/p>\n\n\n\n<ul class=\"wp-block-list\">\n<li>Malzeme depodan \u00e7\u0131kmadan sigortas\u0131n\u0131n yapt\u0131r\u0131lmas\u0131, Malzemenin \u00e7\u0131k\u0131\u015f noktas\u0131ndan var\u0131\u015f noktas\u0131na kadar takibi,<\/li>\n\n\n\n<li>Malzemenin depolarda elle\u00e7leme yap\u0131larak istenilen k\u0131sm\u0131n\u0131n \u00e7ekilmesinin sa\u011flanmas\u0131,<\/li>\n\n\n\n<li>Vesaiklerin takibinin yap\u0131lmas\u0131,<\/li>\n\n\n\n<li>Malzemelerin yurti\u00e7i ve dahili da\u011f\u0131t\u0131m\u0131n\u0131nyap\u0131lmas\u0131n\u0131 organize etmek,<\/li>\n\n\n\n<li>T\u00fcm i\u015flemlerin tek merkezden koordineli bir \u00e7al\u0131\u015fma yap\u0131larak bitirilmesi,<\/li>\n\n\n\n<li>Firmalara d\u00fczenli olarak yaz\u0131l\u0131 ve s\u00f6zl\u00fc raporlama yap\u0131lmas\u0131,<\/li>\n\n\n\n<li>\u0130\u015flemleri biten evraklar\u0131n firmaya derhal ula\u015ft\u0131r\u0131lmas\u0131,<\/li>\n\n\n\n<li>Tedarik Zinciri Y\u00f6netimi<\/li>\n\n\n\n<li>Profesyonel Bir Yaz\u0131l\u0131m Deste\u011fiyle Her T\u00fcr Katma De\u011fer Sa\u011flayan Hizmetler<\/li>\n\n\n\n<li>Y\u00fckleme, Bo\u015faltma Hizmetleri<\/li>\n\n\n\n<li>Paketleme, Etiketleme ve Koli Birle\u015ftirme Hizmetleri<\/li>\n\n\n\n<li>Palet Bozma, Yeniden Ambalajlama ve Manip\u00fclasyon Hizmetleri<\/li>\n<\/ul>\n","protected":false},"excerpt":{"rendered":"<p>Artan rekabet, global pazarlarda yer alma hedefleri \u015firketlerin ana i\u015flerine odaklanmalar\u0131na yol a\u00e7m\u0131\u015ft\u0131r. Ana i\u015flerinin d\u0131\u015f\u0131nda kalan fakat rekabette belirleyici \u00f6neme sahip&nbsp;tedarik zinciri y\u00f6netimi&nbsp;bu konuda uzman firmalar\u0131n do\u011fmas\u0131na neden olmu\u015ftur. Uzmanla\u015fm\u0131\u015f, \u00f6l\u00e7ek ekonomisinden yararlanan&nbsp;lojistik altyap\u0131s\u0131na ve bilgi teknolojilerine yat\u0131r\u0131m yapm\u0131\u015f lojistik hizmet sa\u011flay\u0131c\u0131lar&nbsp;sayesinde esnek ve verimli tedarik zinciri y\u00f6netimini hedefleyen firmalar d\u0131\u015f kaynak kullan\u0131m\u0131na y\u00f6nlenmektedir. [&hellip;]<\/p>\n","protected":false},"author":1,"featured_media":0,"parent":0,"menu_order":0,"comment_status":"closed","ping_status":"closed","template":"","meta":{"footnotes":""},"class_list":["post-3829","page","type-page","status-publish","hentry"],"_links":{"self":[{"href":"https:\/\/turknak.com.tr\/tr\/wp-json\/wp\/v2\/pages\/3829","targetHints":{"allow":["GET"]}}],"collection":[{"href":"https:\/\/turknak.com.tr\/tr\/wp-json\/wp\/v2\/pages"}],"about":[{"href":"https:\/\/turknak.com.tr\/tr\/wp-json\/wp\/v2\/types\/page"}],"author":[{"embeddable":true,"href":"https:\/\/turknak.com.tr\/tr\/wp-json\/wp\/v2\/users\/1"}],"replies":[{"embeddable":true,"href":"https:\/\/turknak.com.tr\/tr\/wp-json\/wp\/v2\/comments?post=3829"}],"version-history":[{"count":1,"href":"https:\/\/turknak.com.tr\/tr\/wp-json\/wp\/v2\/pages\/3829\/revisions"}],"predecessor-version":[{"id":3830,"href":"https:\/\/turknak.com.tr\/tr\/wp-json\/wp\/v2\/pages\/3829\/revisions\/3830"}],"wp:attachment":[{"href":"https:\/\/turknak.com.tr\/tr\/wp-json\/wp\/v2\/media?parent=3829"}],"curies":[{"name":"wp","href":"https:\/\/api.w.org\/{rel}","templated":true}]}}