{"id":3825,"date":"2024-11-29T13:49:57","date_gmt":"2024-11-29T13:49:57","guid":{"rendered":"https:\/\/turknak.com.tr\/tr\/?page_id=3825"},"modified":"2024-11-29T13:58:12","modified_gmt":"2024-11-29T13:58:12","slug":"kalite-politikamiz","status":"publish","type":"page","link":"https:\/\/turknak.com.tr\/tr\/kalite-politikamiz\/","title":{"rendered":"KAL\u0130TE POL\u0130T\u0130KAMIZ"},"content":{"rendered":"\n<ul class=\"wp-block-list\">\n<li>M\u00fc\u015fterilerimize sundu\u011fumuz hizmetlerin aksamamas\u0131 i\u00e7in ihtiya\u00e7 duyduklar\u0131 ta\u015f\u0131mac\u0131l\u0131k ve da\u011f\u0131t\u0131m hizmetini etkili ve g\u00fcvenilir olarak sa\u011flamak.<\/li>\n\n\n\n<li>Bu ama\u00e7la d\u00fcnyadaki teknolojileri, standartlar\u0131 s\u00fcrekli izleyerek m\u00fc\u015fterilerinin beklentilerini a\u015fan \u00e7\u00f6z\u00fcmler tasarlamak.<\/li>\n\n\n\n<li>M\u00fc\u015fterilerimize en uygun fiyat, en \u00fcst\u00fcn kalite ve mevzuata uygun olarak zaman\u0131nda g\u00fcvenilir \u00e7\u00f6z\u00fcmler sunmak.<\/li>\n\n\n\n<li>\u00dcr\u00fcnlerimizin s\u00fcrekli ve sorunsuz hizmet verebilmeleri i\u00e7in sat\u0131\u015f \u00f6ncesi ve sonras\u0131 dok\u00fcmantasyon ve teknik destekleri zaman\u0131nda ve tam olarak vermek.<\/li>\n\n\n\n<li>\u00c7al\u0131\u015fanlar\u0131n\u0131n sa\u011fl\u0131\u011f\u0131n\u0131, g\u00fcvenli\u011fini, bug\u00fcn\u00fcn\u00fc ve yar\u0131n\u0131n\u0131 g\u00fcvence alt\u0131na almak, ba\u011fl\u0131l\u0131\u011f\u0131n\u0131 ve memnuniyetini art\u0131rmak amac\u0131yla s\u00fcrekli aktiviteler d\u00fczenleyerek e\u011fitim ve bireysel geli\u015fimini art\u0131rmak, \u015feffaf y\u00f6netim ilkesi do\u011frultusunda bilgi, sorumluluk payla\u015f\u0131m\u0131 ile yetkilendirilmi\u015f tak\u0131m ruhunu s\u00fcrekli zinde tutmak.<\/li>\n\n\n\n<li>Tedarik\u00e7ileri ile s\u0131k\u0131 ve s\u00fcrekli i\u015f birli\u011fi kurarak geli\u015fmelerini sa\u011flamak, sonu\u00e7lar\u0131 izlemek, hizmet zinciri halkalar\u0131n\u0131n t\u00fcm\u00fcn\u00fcn sa\u011flaml\u0131\u011f\u0131ndan emin olmak<\/li>\n\n\n\n<li>Ba\u015fta \u00fcst y\u00f6netim olmak \u00fczere t\u00fcm \u00e7al\u0131\u015fanlar \u015eirketimizin Kalite Politikas\u0131\u2019n\u0131 uygulamaktan ve kalite sisteminin etkinli\u011fini geli\u015ftirmekten sorumludur.<\/li>\n<\/ul>\n","protected":false},"excerpt":{"rendered":"M\u00fc\u015fterilerimize sundu\u011fumuz hizmetlerin aksamamas\u0131 i\u00e7in ihtiya\u00e7 duyduklar\u0131 ta\u015f\u0131mac\u0131l\u0131k ve da\u011f\u0131t\u0131m hizmetini etkili ve g\u00fcvenilir olarak sa\u011flamak. Bu ama\u00e7la d\u00fcnyadaki teknolojileri, standartlar\u0131 s\u00fcrekli izleyerek m\u00fc\u015fterilerinin beklentilerini a\u015fan \u00e7\u00f6z\u00fcmler tasarlamak. M\u00fc\u015fterilerimize en uygun fiyat, en \u00fcst\u00fcn kalite ve mevzuata uygun olarak zaman\u0131nda g\u00fcvenilir \u00e7\u00f6z\u00fcmler sunmak. \u00dcr\u00fcnlerimizin s\u00fcrekli ve sorunsuz hizmet verebilmeleri i\u00e7in sat\u0131\u015f \u00f6ncesi ve sonras\u0131 dok\u00fcmantasyon [...]","protected":false},"author":1,"featured_media":0,"parent":0,"menu_order":0,"comment_status":"closed","ping_status":"closed","template":"","meta":{"footnotes":""},"class_list":["post-3825","page","type-page","status-publish","hentry"],"_links":{"self":[{"href":"https:\/\/turknak.com.tr\/tr\/wp-json\/wp\/v2\/pages\/3825","targetHints":{"allow":["GET"]}}],"collection":[{"href":"https:\/\/turknak.com.tr\/tr\/wp-json\/wp\/v2\/pages"}],"about":[{"href":"https:\/\/turknak.com.tr\/tr\/wp-json\/wp\/v2\/types\/page"}],"author":[{"embeddable":true,"href":"https:\/\/turknak.com.tr\/tr\/wp-json\/wp\/v2\/users\/1"}],"replies":[{"embeddable":true,"href":"https:\/\/turknak.com.tr\/tr\/wp-json\/wp\/v2\/comments?post=3825"}],"version-history":[{"count":1,"href":"https:\/\/turknak.com.tr\/tr\/wp-json\/wp\/v2\/pages\/3825\/revisions"}],"predecessor-version":[{"id":3826,"href":"https:\/\/turknak.com.tr\/tr\/wp-json\/wp\/v2\/pages\/3825\/revisions\/3826"}],"wp:attachment":[{"href":"https:\/\/turknak.com.tr\/tr\/wp-json\/wp\/v2\/media?parent=3825"}],"curies":[{"name":"wp","href":"https:\/\/api.w.org\/{rel}","templated":true}]}}