{"id":3820,"date":"2024-11-29T13:46:10","date_gmt":"2024-11-29T13:46:10","guid":{"rendered":"https:\/\/turknak.com.tr\/tr\/?page_id=3820"},"modified":"2024-11-29T13:48:49","modified_gmt":"2024-11-29T13:48:49","slug":"hedeflerimiz","status":"publish","type":"page","link":"https:\/\/turknak.com.tr\/tr\/hedeflerimiz\/","title":{"rendered":"HEDEFLER\u0130M\u0130Z"},"content":{"rendered":"<p>[vc_row][vc_column][vc_column_text]G\u00fcn\u00fcm\u00fcz nakliye d\u00fcnyas\u0131na bakt\u0131\u011f\u0131m\u0131zda birbirine benzeyen onlarca, y\u00fczlerce firma g\u00f6r\u00fcyoruz. Ancak yar\u0131n\u0131n firmalar\u0131 aras\u0131nda i\u015fini seven, konusunda uzman, ekip \u00e7al\u0131\u015fmas\u0131na yatk\u0131n, amat\u00f6r ruhla \u00e7al\u0131\u015fan yarat\u0131c\u0131, elemanlara sahip firmalar\u0131n bulunaca\u011f\u0131na inan\u0131yoruz.<br \/>Bu \u0130nan\u00e7la biz i\u015fini seven y\u00f6netici ve \u00e7al\u0131\u015fanlar\u0131m\u0131z i\u00e7in ;<\/p>\r\n\r\n\r\n\r\n<ul class=\"wp-block-list\">\r\n<li style=\"list-style-type: none;\">\r\n<ul class=\"wp-block-list\">\r\n<li>M\u00fc\u015fteriye \u00f6zg\u00fc hizmet olu\u015fturmak,<\/li>\r\n\r\n\r\n\r\n<li>Do\u011fru olan\u0131 en k\u0131sa zamanda yapmak,<\/li>\r\n\r\n\r\n\r\n<li>G\u00fcvenilirlik imaj\u0131n\u0131 s\u00fcrekli hale getirmek,<\/li>\r\n\r\n\r\n\r\n<li>Her kademede en iyi olabilmek i\u00e7in s\u00fcrekli geli\u015fim ve \u00f6\u011frenme iste\u011fi i\u00e7inde olmak,<\/li>\r\n\r\n\r\n\r\n<li>\u00dclke ekonomisine ve pozitif tan\u0131t\u0131m\u0131na katk\u0131da bulunmak ,<\/li>\r\n\r\n\r\n\r\n<li>\u00c7evreye ve insana sayg\u0131l\u0131 olmak,<\/li>\r\n<\/ul>\r\n<\/li>\r\n<\/ul>\r\n<p><\/p>\r\n\r\n<p>Profesyonel, e\u011fitimli ve motive \u00e7al\u0131\u015fan ve i\u015f ortaklar\u0131 ile, sundu\u011fu yenilik\u00e7i ve kaliteli \u00fcr\u00fcn ve hizmetlerle m\u00fc\u015fterilerimizin tercih edece\u011fi ilk \u015firket olmak, yurt i\u00e7i pazarda liderli\u011fi yakalayarak bir d\u00fcnya \u015firketi olmakt\u0131r.<\/p>\r\n\r\n<p>B\u00fct\u00fcn m\u00fc\u015fterilerini ve pazar\u0131 yak\u0131ndan izleyen ve tan\u0131yan, m\u00fc\u015fterilerin beklentilerini en h\u0131zl\u0131, en rekabet\u00e7i ve en kaliteli \u00fcr\u00fcn ve hizmetlerle kar\u015f\u0131layabilen, \u00e7al\u0131\u015fan ve i\u015f ortaklar\u0131 ile dinamik, yenilik\u00e7i ve s\u00fcrekli geli\u015fimi hedefleyen, sekt\u00f6r\u00fcn lideri olacak bir \u015firket olu\u015fturmak ilk ve \u00f6ncelikli g\u00f6revimizdir.<\/p>\r\n<p>[\/vc_column_text][\/vc_column][\/vc_row]<\/p>","protected":false},"excerpt":{"rendered":"<p>[vc_row][vc_column][vc_column_text]G\u00fcn\u00fcm\u00fcz nakliye d\u00fcnyas\u0131na bakt\u0131\u011f\u0131m\u0131zda birbirine benzeyen onlarca, y\u00fczlerce firma g\u00f6r\u00fcyoruz. Ancak yar\u0131n\u0131n firmalar\u0131 aras\u0131nda i\u015fini seven, konusunda uzman, ekip \u00e7al\u0131\u015fmas\u0131na yatk\u0131n, amat\u00f6r ruhla \u00e7al\u0131\u015fan yarat\u0131c\u0131, elemanlara sahip firmalar\u0131n bulunaca\u011f\u0131na inan\u0131yoruz.Bu \u0130nan\u00e7la biz i\u015fini seven y\u00f6netici ve \u00e7al\u0131\u015fanlar\u0131m\u0131z i\u00e7in ; Profesyonel, e\u011fitimli ve motive \u00e7al\u0131\u015fan ve i\u015f ortaklar\u0131 ile, sundu\u011fu yenilik\u00e7i ve kaliteli \u00fcr\u00fcn ve hizmetlerle [&hellip;]<\/p>\n","protected":false},"author":1,"featured_media":0,"parent":0,"menu_order":0,"comment_status":"closed","ping_status":"closed","template":"","meta":{"footnotes":""},"class_list":["post-3820","page","type-page","status-publish","hentry"],"_links":{"self":[{"href":"https:\/\/turknak.com.tr\/tr\/wp-json\/wp\/v2\/pages\/3820","targetHints":{"allow":["GET"]}}],"collection":[{"href":"https:\/\/turknak.com.tr\/tr\/wp-json\/wp\/v2\/pages"}],"about":[{"href":"https:\/\/turknak.com.tr\/tr\/wp-json\/wp\/v2\/types\/page"}],"author":[{"embeddable":true,"href":"https:\/\/turknak.com.tr\/tr\/wp-json\/wp\/v2\/users\/1"}],"replies":[{"embeddable":true,"href":"https:\/\/turknak.com.tr\/tr\/wp-json\/wp\/v2\/comments?post=3820"}],"version-history":[{"count":3,"href":"https:\/\/turknak.com.tr\/tr\/wp-json\/wp\/v2\/pages\/3820\/revisions"}],"predecessor-version":[{"id":3824,"href":"https:\/\/turknak.com.tr\/tr\/wp-json\/wp\/v2\/pages\/3820\/revisions\/3824"}],"wp:attachment":[{"href":"https:\/\/turknak.com.tr\/tr\/wp-json\/wp\/v2\/media?parent=3820"}],"curies":[{"name":"wp","href":"https:\/\/api.w.org\/{rel}","templated":true}]}}