{"id":3810,"date":"2024-11-29T13:32:45","date_gmt":"2024-11-29T13:32:45","guid":{"rendered":"https:\/\/turknak.com.tr\/tr\/?page_id=3810"},"modified":"2024-11-29T13:35:30","modified_gmt":"2024-11-29T13:35:30","slug":"depolama-hizmetleri","status":"publish","type":"page","link":"https:\/\/turknak.com.tr\/tr\/depolama-hizmetleri\/","title":{"rendered":"DEPOLAMA H\u0130ZMETLER\u0130"},"content":{"rendered":"<p>[vc_row][vc_column][vc_column_text]Sirketimiz mevcut depolariyla her t\u00fcrl\u00fc depolama hizmetlerini sunmaktadir.<\/p>\r\n\r\n<p>Sirketimizin depo hizmeti anlayisi mevcut depolarindan faydalandirmanin yani sira, ihtiya\u00e7lariniz dogrultusunda gerekli sistemi kurup gerekli yatirimlari yaparak size \u00f6zel hizmetleri gelistirmektir.<\/p>\r\n\r\n<p>Modern raf ve depolama sistemleri,Temel y\u00fckleme, bosaltma, elle\u00e7leme ve park hizmetleri.<\/p>\r\n\r\n<p>Depo y\u00f6netimi ve takip sistemleri. D\u00fczenli performans takibi ve kritik performans g\u00f6stergelerinin raporlamasi.<\/p>\r\n<p>[\/vc_column_text][\/vc_column][\/vc_row]<\/p>\r\n","protected":false},"excerpt":{"rendered":"<p>[vc_row][vc_column][vc_column_text]Sirketimiz mevcut depolariyla her t\u00fcrl\u00fc depolama hizmetlerini sunmaktadir. Sirketimizin depo hizmeti anlayisi mevcut depolarindan faydalandirmanin yani sira, ihtiya\u00e7lariniz dogrultusunda gerekli sistemi kurup gerekli yatirimlari yaparak size \u00f6zel hizmetleri gelistirmektir. Modern raf ve depolama sistemleri,Temel y\u00fckleme, bosaltma, elle\u00e7leme ve park hizmetleri. Depo y\u00f6netimi ve takip sistemleri. D\u00fczenli performans takibi ve kritik performans g\u00f6stergelerinin raporlamasi. [\/vc_column_text][\/vc_column][\/vc_row]<\/p>\n","protected":false},"author":1,"featured_media":0,"parent":0,"menu_order":0,"comment_status":"closed","ping_status":"closed","template":"","meta":{"footnotes":""},"class_list":["post-3810","page","type-page","status-publish","hentry"],"_links":{"self":[{"href":"https:\/\/turknak.com.tr\/tr\/wp-json\/wp\/v2\/pages\/3810","targetHints":{"allow":["GET"]}}],"collection":[{"href":"https:\/\/turknak.com.tr\/tr\/wp-json\/wp\/v2\/pages"}],"about":[{"href":"https:\/\/turknak.com.tr\/tr\/wp-json\/wp\/v2\/types\/page"}],"author":[{"embeddable":true,"href":"https:\/\/turknak.com.tr\/tr\/wp-json\/wp\/v2\/users\/1"}],"replies":[{"embeddable":true,"href":"https:\/\/turknak.com.tr\/tr\/wp-json\/wp\/v2\/comments?post=3810"}],"version-history":[{"count":2,"href":"https:\/\/turknak.com.tr\/tr\/wp-json\/wp\/v2\/pages\/3810\/revisions"}],"predecessor-version":[{"id":3812,"href":"https:\/\/turknak.com.tr\/tr\/wp-json\/wp\/v2\/pages\/3810\/revisions\/3812"}],"wp:attachment":[{"href":"https:\/\/turknak.com.tr\/tr\/wp-json\/wp\/v2\/media?parent=3810"}],"curies":[{"name":"wp","href":"https:\/\/api.w.org\/{rel}","templated":true}]}}