{"id":3804,"date":"2024-11-29T13:27:42","date_gmt":"2024-11-29T13:27:42","guid":{"rendered":"https:\/\/turknak.com.tr\/tr\/?page_id=3804"},"modified":"2024-11-29T13:29:36","modified_gmt":"2024-11-29T13:29:36","slug":"dagitim-nakliye","status":"publish","type":"page","link":"https:\/\/turknak.com.tr\/tr\/dagitim-nakliye\/","title":{"rendered":"DA\u011eITIM NAKL\u0130YE"},"content":{"rendered":"<p>[vc_row][vc_column][vc_column_text]Ara\u00e7 tedari\u011fini ilk elden yaparak m\u00fc\u015fterilerine maliyet avantaj\u0131 sa\u011fl\u0131yor, anla\u015fmal\u0131 nakliye tedarik\u00e7ileri ve \u00fclke genelindeki ofislerimiz sayesinde y\u00fck ta\u015f\u0131malar\u0131n\u0131z\u0131 ba\u015far\u0131yla ger\u00e7ekle\u015ftiriyoruz.<\/p>\n\n<p>G\u00fc\u00e7l\u00fc finansal yap\u0131m\u0131z sayesinde vade se\u00e7enekleri olu\u015fturabiliyor, t\u00fcm nakliye ve da\u011f\u0131t\u0131m operasyonlar\u0131n\u0131 gereksinimlere g\u00f6re \u015fekillendiriyor ve ta\u015f\u0131malar\u0131 anl\u0131k olarak takip ederek en do\u011fru bilgi ak\u0131\u015f\u0131n\u0131 sa\u011fl\u0131yoruz.<\/p>\n\n<p>Proje bazl\u0131 frigorifik konsolidasyon ve da\u011f\u0131t\u0131m hizmeti de sunuyoruz. Parsiyel da\u011f\u0131t\u0131m anlay\u0131\u015f\u0131m\u0131z, kargo ve ambar sisteminden tamamen farkl\u0131. \u00dcr\u00fcnleri aktarma merkezlerinde (HUB) konsolide ettikten sonra direkt olarak son noktaya teslim ediyor ve asgari seviyede elle\u00e7leyerek, teslimat s\u0131ras\u0131ndaki hasar oran\u0131n\u0131 en alt seviyede tutuyoruz.<\/p>\n\n<p>T\u00fcm da\u011f\u0131t\u0131m ve nakliye hizmetlerini sigorta kapsam\u0131na al\u0131yor, m\u00fc\u015fterilerce belirlenen performans analiz raporlar\u0131n\u0131 yine onlar taraf\u0131ndan belirlenen s\u00fcre\u00e7ler i\u00e7erisinde sunuyoruz.<\/p>\n<p>[\/vc_column_text][\/vc_column][\/vc_row]<\/p>\n","protected":false},"excerpt":{"rendered":"<p>[vc_row][vc_column][vc_column_text]Ara\u00e7 tedari\u011fini ilk elden yaparak m\u00fc\u015fterilerine maliyet avantaj\u0131 sa\u011fl\u0131yor, anla\u015fmal\u0131 nakliye tedarik\u00e7ileri ve \u00fclke genelindeki ofislerimiz sayesinde y\u00fck ta\u015f\u0131malar\u0131n\u0131z\u0131 ba\u015far\u0131yla ger\u00e7ekle\u015ftiriyoruz. G\u00fc\u00e7l\u00fc finansal yap\u0131m\u0131z sayesinde vade se\u00e7enekleri olu\u015fturabiliyor, t\u00fcm nakliye ve da\u011f\u0131t\u0131m operasyonlar\u0131n\u0131 gereksinimlere g\u00f6re \u015fekillendiriyor ve ta\u015f\u0131malar\u0131 anl\u0131k olarak takip ederek en do\u011fru bilgi ak\u0131\u015f\u0131n\u0131 sa\u011fl\u0131yoruz. Proje bazl\u0131 frigorifik konsolidasyon ve da\u011f\u0131t\u0131m hizmeti de [&hellip;]<\/p>\n","protected":false},"author":1,"featured_media":0,"parent":0,"menu_order":0,"comment_status":"closed","ping_status":"closed","template":"","meta":{"footnotes":""},"class_list":["post-3804","page","type-page","status-publish","hentry"],"_links":{"self":[{"href":"https:\/\/turknak.com.tr\/tr\/wp-json\/wp\/v2\/pages\/3804","targetHints":{"allow":["GET"]}}],"collection":[{"href":"https:\/\/turknak.com.tr\/tr\/wp-json\/wp\/v2\/pages"}],"about":[{"href":"https:\/\/turknak.com.tr\/tr\/wp-json\/wp\/v2\/types\/page"}],"author":[{"embeddable":true,"href":"https:\/\/turknak.com.tr\/tr\/wp-json\/wp\/v2\/users\/1"}],"replies":[{"embeddable":true,"href":"https:\/\/turknak.com.tr\/tr\/wp-json\/wp\/v2\/comments?post=3804"}],"version-history":[{"count":3,"href":"https:\/\/turknak.com.tr\/tr\/wp-json\/wp\/v2\/pages\/3804\/revisions"}],"predecessor-version":[{"id":3807,"href":"https:\/\/turknak.com.tr\/tr\/wp-json\/wp\/v2\/pages\/3804\/revisions\/3807"}],"wp:attachment":[{"href":"https:\/\/turknak.com.tr\/tr\/wp-json\/wp\/v2\/media?parent=3804"}],"curies":[{"name":"wp","href":"https:\/\/api.w.org\/{rel}","templated":true}]}}