{"id":3799,"date":"2024-11-29T13:08:27","date_gmt":"2024-11-29T13:08:27","guid":{"rendered":"https:\/\/turknak.com.tr\/tr\/?page_id=3799"},"modified":"2024-11-29T13:10:52","modified_gmt":"2024-11-29T13:10:52","slug":"karayolu-tasimaciligi","status":"publish","type":"page","link":"https:\/\/turknak.com.tr\/tr\/karayolu-tasimaciligi\/","title":{"rendered":"KARAYOLU TA\u015eIMACILI\u011eI"},"content":{"rendered":"<p>[vc_row][vc_column][vc_column_text]Lojistik kelimesi askeri bir terim olarak 1900\u2019l\u00fc y\u0131llarda ilk olarak Albay Brooke Baker (ABD) taraf\u0131ndan kullan\u0131lm\u0131\u015ft\u0131r.<\/p>\r\n\r\n<p>G\u00fcn\u00fcm\u00fczde ise m\u00fc\u015fterilerin ihtiya\u00e7lar\u0131n\u0131 kar\u015f\u0131lamak \u00fczere hammadde, yar\u0131 mam\u00fcl, son \u00fcr\u00fcn ve bunlarla ilgili bilgilerin, hammaddesinin ba\u015flang\u0131\u00e7 noktas\u0131ndan t\u00fcketildi\u011fi son noktaya kadar olan ak\u0131\u015f\u0131n\u0131n, depolanmas\u0131n\u0131n etkin ve verimli bir \u015fekilde planlanmas\u0131, uygulanmas\u0131 ve kontrol\u00fcd\u00fcr.<\/p>\r\n\r\n<p>Firmam\u0131z de\u011fi\u015fen ve yeni temellere oturan bu sekt\u00f6rde, m\u00fc\u015fterilerin i\u00e7erisinde bir departman mant\u0131\u011f\u0131nda faaliyetine devam ederken, lojisti\u011fin her noktas\u0131nda g\u00fcven veren, \u00e7\u00f6z\u00fcm \u00fcreten kurumsall\u0131\u011f\u0131n yan\u0131nda hizmet veren bir kurulu\u015f oldu\u011funu unutmayarak profesyonel kadrola\u015fma ile yerini alm\u0131\u015ft\u0131r.<\/p>\r\n\r\n<p>\u00fcretim \u2013 stoklama \u2013 pazarlama yerine<br \/>\r\npazarla sonra \u00fcret = H\u0131zl\u0131 ve g\u00fcvenli lojistik<\/p>\r\n\r\n<p>Zincirin sa\u011flam halkas\u0131 olan T\u00fcrknak Lojistik A.\u015e hizmetini artt\u0131rmak i\u00e7in tecr\u00fcbesini, akl\u0131n\u0131, olgunlu\u011funu ve \u00e7ok de\u011ferli olan zaman\u0131 kendisine sermaye edinmi\u015ftir.<\/p>\r\n\r\n<p>Ara\u00e7 taleplerinizde internet, mail ve telefon ile verilen sipari\u015fler an\u0131nda de\u011ferlendirilerek sizinle \u00e7\u00f6z\u00fcm orta\u011f\u0131n\u0131z olabilecek \u015fekilde \u015firketimiz organize edilmi\u015ftir.<\/p>\r\n\r\n<p>Talebinize uygun ara\u00e7lar\u0131m\u0131z mevcut filomuz ve s\u00f6zle\u015fmeli ara\u00e7lar\u0131m\u0131z ile uzman ofis personelimiz taraf\u0131ndan t\u00fcm kontrolleri yap\u0131larak sizlere y\u00f6nlendirilmektedir.<\/p>\r\n\r\n<p>Sevk edilen ara\u00e7lar ara\u00e7 takip birimimiz taraf\u0131ndan taahh\u00fct \u015fartlar\u0131na uyarak termin s\u00fcresi i\u00e7inde arac\u0131n var\u0131\u015f kontrolleri ger\u00e7ekle\u015fmekte ve m\u00fc\u015fterilerimiz sms-mail veya interaktif hizmetimizden bilgilendirmeleri yap\u0131l\u0131r.<\/p>\r\n\r\n<p>Teslim evraklar\u0131n\u0131 gerekli teslimatlar yap\u0131ld\u0131ktan sonra gerekli kontroller yap\u0131larak m\u00fc\u015fterimiz ad\u0131na t\u00fcm teslim evraklar\u0131 ar\u015fivlenir talep durumunda ar\u015fiv dok\u00fcmantasyon birimimiz 24 saat i\u00e7erisinde belirtilen sevkiyata ili\u015fkin t\u00fcm dok\u00fcmanlar\u0131 m\u00fc\u015fterimize g\u00f6nderebilecek donan\u0131ma sahiptir.<\/p>\r\n\r\n<p>1- \u00dcretim tesisleri, depo ve antrepolardan \u00e7\u0131kan \u00fcr\u00fcnlerin zaman\u0131nda ula\u015fmas\u0131 i\u00e7in rut optimizasyonu ve uygun ara\u00e7 ta\u015f\u0131ma modeli.<br \/>\r\n2- Depo ve \u00fcretim tesislerinde y\u00fckleme ve indirme hizmeti.<br \/>\r\n3- Taleplere g\u00f6re ge\u00e7ici b\u00f6lgesel depolama olanaklar\u0131.<br \/>\r\n4- Ta\u015f\u0131malar\u0131n iyile\u015ftirilmesi ve zaman\u0131nda teslimat\u0131n sa\u011flanmas\u0131.<br \/>\r\n5- \u0130nternetten tam zamanl\u0131 takip.<br \/>\r\n6-.\u0130thal \u00fcr\u00fcnler i\u00e7in \u00fcretilen g\u00fcmr\u00fckleme, g\u00fcmr\u00fckl\u00fc ve g\u00fcmr\u00fcks\u00fcz depolama da\u011f\u0131t\u0131m faaliyetleri ile entegre \u00e7\u00f6z\u00fcmler.<br \/>\r\n7- Projelendirme, stok, ambalajlama, elle\u00e7leme, paketleme faaliyetleri.<\/p>\r\n\r\n<p>Ta\u015f\u0131malar\u0131m\u0131z\u0131n tamam\u0131, sigorta kapsam\u0131nda y\u00fcr\u00fct\u00fclmekte , m\u00fc\u015fterilerimizin risk kayg\u0131s\u0131 ortadan kald\u0131r\u0131lmaktad\u0131r.<\/p>\r\n<p>[\/vc_column_text][\/vc_column][\/vc_row]<\/p>\r\n","protected":false},"excerpt":{"rendered":"<p>[vc_row][vc_column][vc_column_text]Lojistik kelimesi askeri bir terim olarak 1900\u2019l\u00fc y\u0131llarda ilk olarak Albay Brooke Baker (ABD) taraf\u0131ndan kullan\u0131lm\u0131\u015ft\u0131r. G\u00fcn\u00fcm\u00fczde ise m\u00fc\u015fterilerin ihtiya\u00e7lar\u0131n\u0131 kar\u015f\u0131lamak \u00fczere hammadde, yar\u0131 mam\u00fcl, son \u00fcr\u00fcn ve bunlarla ilgili bilgilerin, hammaddesinin ba\u015flang\u0131\u00e7 noktas\u0131ndan t\u00fcketildi\u011fi son noktaya kadar olan ak\u0131\u015f\u0131n\u0131n, depolanmas\u0131n\u0131n etkin ve verimli bir \u015fekilde planlanmas\u0131, uygulanmas\u0131 ve kontrol\u00fcd\u00fcr. Firmam\u0131z de\u011fi\u015fen ve yeni temellere [&hellip;]<\/p>\n","protected":false},"author":1,"featured_media":0,"parent":0,"menu_order":0,"comment_status":"closed","ping_status":"closed","template":"","meta":{"footnotes":""},"class_list":["post-3799","page","type-page","status-publish","hentry"],"_links":{"self":[{"href":"https:\/\/turknak.com.tr\/tr\/wp-json\/wp\/v2\/pages\/3799","targetHints":{"allow":["GET"]}}],"collection":[{"href":"https:\/\/turknak.com.tr\/tr\/wp-json\/wp\/v2\/pages"}],"about":[{"href":"https:\/\/turknak.com.tr\/tr\/wp-json\/wp\/v2\/types\/page"}],"author":[{"embeddable":true,"href":"https:\/\/turknak.com.tr\/tr\/wp-json\/wp\/v2\/users\/1"}],"replies":[{"embeddable":true,"href":"https:\/\/turknak.com.tr\/tr\/wp-json\/wp\/v2\/comments?post=3799"}],"version-history":[{"count":2,"href":"https:\/\/turknak.com.tr\/tr\/wp-json\/wp\/v2\/pages\/3799\/revisions"}],"predecessor-version":[{"id":3801,"href":"https:\/\/turknak.com.tr\/tr\/wp-json\/wp\/v2\/pages\/3799\/revisions\/3801"}],"wp:attachment":[{"href":"https:\/\/turknak.com.tr\/tr\/wp-json\/wp\/v2\/media?parent=3799"}],"curies":[{"name":"wp","href":"https:\/\/api.w.org\/{rel}","templated":true}]}}