{"id":3726,"date":"2021-05-27T15:34:12","date_gmt":"2021-05-27T15:34:12","guid":{"rendered":"https:\/\/insurance.liquid-themes.com\/?page_id=3676"},"modified":"2024-11-30T16:14:39","modified_gmt":"2024-11-30T16:14:39","slug":"iletisim","status":"publish","type":"page","link":"https:\/\/turknak.com.tr\/tr\/iletisim\/","title":{"rendered":"\u0130LET\u0130\u015e\u0130M"},"content":{"rendered":"<p>[vc_row css=&#8221;.vc_custom_1610099364481{padding-top: 85px !important;padding-bottom: 55px !important;}&#8221;][vc_column][vc_text_separator title=&#8221;L\u00dcTFEN B\u0130ZE YAZIN&#8221; title_align=&#8221;separator_align_left&#8221; color=&#8221;custom&#8221; accent_color=&#8221;rgba(25,28,95,0.12)&#8221; css=&#8221;.vc_custom_1732884907626{margin-bottom: 20px !important;}&#8221;]<style>.ld_fancy_heading_69f4f9b25f687 h1 {font-size:37px; } @media (min-width: 768px) { .ld_fancy_heading_69f4f9b25f687 h1 {font-size:48px; }  } .ld_fancy_heading_69f4f9b25f687 h1 {line-height:1em; } .ld_fancy_heading_69f4f9b25f687 h1 {--element-line-height:1em; } .ld_fancy_heading_69f4f9b25f687 h1 {margin-bottom:0.3em !important;  } .ld_fancy_heading_69f4f9b25f687 .lqd-highlight-inner{height:0.275em!important;bottom:0px!important;}.ld_fancy_heading_69f4f9b25f687 h1 {font-size:37px; } @media (min-width: 768px) { .ld_fancy_heading_69f4f9b25f687 h1 {font-size:48px; }  } .ld_fancy_heading_69f4f9b25f687 h1 {line-height:1em; } .ld_fancy_heading_69f4f9b25f687 h1 {--element-line-height:1em; } .ld_fancy_heading_69f4f9b25f687 h1 {margin-bottom:0.3em !important;  } <\/style><div class=\"ld-fancy-heading ld_fancy_heading_69f4f9b25f687\">\n\t<h1 class=\"ld-fh-element lqd-highlight-underline lqd-highlight-grow-left text-decoration-default\"   >  T\u00fcrknak<\/h1><\/div><style>.ld_fancy_heading_69f4f9b25fdfa p{color:rgb(34, 36, 58);}.ld_fancy_heading_69f4f9b25fdfa p {font-size:16px; } .ld_fancy_heading_69f4f9b25fdfa p {line-height:1.3em; } .ld_fancy_heading_69f4f9b25fdfa p {--element-line-height:1.3em; } .ld_fancy_heading_69f4f9b25fdfa .lqd-highlight-inner{height:0.275em!important;bottom:0px!important;}.ld_fancy_heading_69f4f9b25fdfa p {font-size:16px; } .ld_fancy_heading_69f4f9b25fdfa p {line-height:1.3em; } .ld_fancy_heading_69f4f9b25fdfa p {--element-line-height:1.3em; } <\/style><div class=\"ld-fancy-heading ld_fancy_heading_69f4f9b25fdfa\">\n\t<p class=\"ld-fh-element lqd-highlight-underline lqd-highlight-grow-left text-decoration-default\"   >  Payla\u015f\u0131lan her g\u00f6r\u00fc\u015f ve \u015fik\u00e2yet, size daha iyi hizmet verebilmemiz, s\u00fcre\u00e7lerimizi ve kalite standartlar\u0131m\u0131 geli\u015ftirmemiz i\u00e7in bize verilmi\u015f bir f\u0131rsatt\u0131r. \u015eikayetlerinizi bu bilin\u00e7le h\u0131zl\u0131, \u015feffaf, dikkatli ve objektif bir \u015fekilde de\u011ferlendirerek size en k\u0131sa s\u00fcrede cevap vermeye \u00e7al\u0131\u015faca\u011f\u0131z.<\/p><\/div>[\/vc_column][\/vc_row][vc_row][vc_column width=&#8221;1\/3&#8243;]<style>.ld_fancy_heading_69f4f9b26015e .lqd-highlight-inner{height:0.275em!important;bottom:0px!important;}<\/style><div class=\"ld-fancy-heading ld_fancy_heading_69f4f9b26015e\">\n\t<h1 class=\"ld-fh-element lqd-highlight-underline lqd-highlight-grow-left text-decoration-default\"   >  istanbul<\/h1><\/div>[vc_column_text]<\/p>\n<div class=\"ld-fancy-heading ld_fancy_heading_674b36c12da6d\">\n<p class=\"ld-fh-element lqd-highlight-underline lqd-highlight-grow-left text-decoration-default\">Ta\u015foca\u011f\u0131 Yolu No 26 Ba\u011fc\u0131lar \u0130stanbul<\/p>\n<p><strong><a href=\"mailto:bilgi@turknak.com.tr\">bilgi@turknak.com.tr<\/a><\/strong><\/p>\n<p><strong><a href=\"tel:+90 212 679 10 81\">+902126791081<\/a><\/strong><\/p>\n<\/div>\n<p>[\/vc_column_text][\/vc_column][vc_column width=&#8221;1\/3&#8243;]<style>.ld_fancy_heading_69f4f9b2604a4 .lqd-highlight-inner{height:0.275em!important;bottom:0px!important;}<\/style><div class=\"ld-fancy-heading ld_fancy_heading_69f4f9b2604a4\">\n\t<h1 class=\"ld-fh-element lqd-highlight-underline lqd-highlight-grow-left text-decoration-default\"   >  orhanl\u0131<\/h1><\/div>[vc_column_text]Kanuni Caddesi No:12-13 Tuzla \u0130stanbul<\/p>\n<p><strong><a href=\"mailto:bilgi@turknak.com.tr\">bilgi@turknak.com.tr<\/a><\/strong><\/p>\n<p><strong><a href=\"tel:+9021654056031\">+9021654056031<\/a><\/strong>[\/vc_column_text][\/vc_column][vc_column width=&#8221;1\/3&#8243;]<style>.ld_fancy_heading_69f4f9b2607cb .lqd-highlight-inner{height:0.275em!important;bottom:0px!important;}<\/style><div class=\"ld-fancy-heading ld_fancy_heading_69f4f9b2607cb\">\n\t<h1 class=\"ld-fh-element lqd-highlight-underline lqd-highlight-grow-left text-decoration-default\"   >  ankara<\/h1><\/div>[vc_column_text]Samyeli Sokak No:10 Alt\u0131nda\u011f Ankara<\/p>\n<p><strong><a href=\"mailto:bilgi@turknak.com.tr\">bilgi@turknak.com.tr<\/a><br \/>\n<\/strong><br \/>\n<strong><a href=\"tel:+903123414700\">+903123414700<\/a><\/strong>[\/vc_column_text][\/vc_column][\/vc_row][vc_row][vc_column][vc_gmaps link=&#8221;#E-8_JTNDaWZyYW1lJTIwc3JjJTNEJTIyaHR0cHMlM0ElMkYlMkZ3d3cuZ29vZ2xlLmNvbSUyRm1hcHMlMkZlbWJlZCUzRnBiJTNEJTIxMW0xOCUyMTFtMTIlMjExbTMlMjExZDMwMDguNjU5ODg0MzExNjUxJTIxMmQyOC44MDk5NzA4MjMzNTY2NzUlMjEzZDQxLjA1NDU2NjMwMjI1ODQ2NSUyMTJtMyUyMTFmMCUyMTJmMCUyMTNmMCUyMTNtMiUyMTFpMTAyNCUyMTJpNzY4JTIxNGYxMy4xJTIxM20zJTIxMW0yJTIxMXMweDE0Y2FhNWE3NTgzMjNmMWIlMjUzQTB4ZTM5ZjVjNDdjYzgyMTkwMSUyMTJ6VkdIRm4yOWpZY1NmeExFZ1dXOXNkU0JEWVdRdUxDQXpOREV3TUNERXNITjBZVzVpZFd3JTIxNWUwJTIxM20yJTIxMXN0ciUyMTJzdHIlMjE0djE3MzI4ODU0Mjg5MjklMjE1bTIlMjExc3RyJTIxMnN0ciUyMiUyMHdpZHRoJTNEJTIyODAwJTIyJTIwaGVpZ2h0JTNEJTIyNjAwJTIyJTIwc3R5bGUlM0QlMjJib3JkZXIlM0EwJTNCJTIyJTIwYWxsb3dmdWxsc2NyZWVuJTNEJTIyJTIyJTIwbG9hZGluZyUzRCUyMmxhenklMjIlMjByZWZlcnJlcnBvbGljeSUzRCUyMm5vLXJlZmVycmVyLXdoZW4tZG93bmdyYWRlJTIyJTNFJTNDJTJGaWZyYW1lJTNF&#8221;][\/vc_column][\/vc_row][vc_section][\/vc_section]<\/p>\n","protected":false},"excerpt":{"rendered":"<p>[vc_row css=&#8221;.vc_custom_1610099364481{padding-top: 85px !important;padding-bottom: 55px !important;}&#8221;][vc_column][vc_text_separator title=&#8221;L\u00dcTFEN B\u0130ZE YAZIN&#8221; title_align=&#8221;separator_align_left&#8221; color=&#8221;custom&#8221; accent_color=&#8221;rgba(25,28,95,0.12)&#8221; css=&#8221;.vc_custom_1732884907626{margin-bottom: 20px !important;}&#8221;][\/vc_column][\/vc_row][vc_row][vc_column width=&#8221;1\/3&#8243;][vc_column_text] Ta\u015foca\u011f\u0131 Yolu No 26 Ba\u011fc\u0131lar \u0130stanbul bilgi@turknak.com.tr +902126791081 [\/vc_column_text][\/vc_column][vc_column width=&#8221;1\/3&#8243;][vc_column_text]Kanuni Caddesi No:12-13 Tuzla \u0130stanbul bilgi@turknak.com.tr +9021654056031[\/vc_column_text][\/vc_column][vc_column width=&#8221;1\/3&#8243;][vc_column_text]Samyeli Sokak No:10 Alt\u0131nda\u011f Ankara bilgi@turknak.com.tr +903123414700[\/vc_column_text][\/vc_column][\/vc_row][vc_row][vc_column][vc_gmaps link=&#8221;#E-8_JTNDaWZyYW1lJTIwc3JjJTNEJTIyaHR0cHMlM0ElMkYlMkZ3d3cuZ29vZ2xlLmNvbSUyRm1hcHMlMkZlbWJlZCUzRnBiJTNEJTIxMW0xOCUyMTFtMTIlMjExbTMlMjExZDMwMDguNjU5ODg0MzExNjUxJTIxMmQyOC44MDk5NzA4MjMzNTY2NzUlMjEzZDQxLjA1NDU2NjMwMjI1ODQ2NSUyMTJtMyUyMTFmMCUyMTJmMCUyMTNmMCUyMTNtMiUyMTFpMTAyNCUyMTJpNzY4JTIxNGYxMy4xJTIxM20zJTIxMW0yJTIxMXMweDE0Y2FhNWE3NTgzMjNmMWIlMjUzQTB4ZTM5ZjVjNDdjYzgyMTkwMSUyMTJ6VkdIRm4yOWpZY1NmeExFZ1dXOXNkU0JEWVdRdUxDQXpOREV3TUNERXNITjBZVzVpZFd3JTIxNWUwJTIxM20yJTIxMXN0ciUyMTJzdHIlMjE0djE3MzI4ODU0Mjg5MjklMjE1bTIlMjExc3RyJTIxMnN0ciUyMiUyMHdpZHRoJTNEJTIyODAwJTIyJTIwaGVpZ2h0JTNEJTIyNjAwJTIyJTIwc3R5bGUlM0QlMjJib3JkZXIlM0EwJTNCJTIyJTIwYWxsb3dmdWxsc2NyZWVuJTNEJTIyJTIyJTIwbG9hZGluZyUzRCUyMmxhenklMjIlMjByZWZlcnJlcnBvbGljeSUzRCUyMm5vLXJlZmVycmVyLXdoZW4tZG93bmdyYWRlJTIyJTNFJTNDJTJGaWZyYW1lJTNF&#8221;][\/vc_column][\/vc_row][vc_section][\/vc_section]<\/p>\n","protected":false},"author":1,"featured_media":0,"parent":0,"menu_order":0,"comment_status":"closed","ping_status":"closed","template":"","meta":{"footnotes":""},"class_list":["post-3726","page","type-page","status-publish","hentry"],"_links":{"self":[{"href":"https:\/\/turknak.com.tr\/tr\/wp-json\/wp\/v2\/pages\/3726","targetHints":{"allow":["GET"]}}],"collection":[{"href":"https:\/\/turknak.com.tr\/tr\/wp-json\/wp\/v2\/pages"}],"about":[{"href":"https:\/\/turknak.com.tr\/tr\/wp-json\/wp\/v2\/types\/page"}],"author":[{"embeddable":true,"href":"https:\/\/turknak.com.tr\/tr\/wp-json\/wp\/v2\/users\/1"}],"replies":[{"embeddable":true,"href":"https:\/\/turknak.com.tr\/tr\/wp-json\/wp\/v2\/comments?post=3726"}],"version-history":[{"count":24,"href":"https:\/\/turknak.com.tr\/tr\/wp-json\/wp\/v2\/pages\/3726\/revisions"}],"predecessor-version":[{"id":3898,"href":"https:\/\/turknak.com.tr\/tr\/wp-json\/wp\/v2\/pages\/3726\/revisions\/3898"}],"wp:attachment":[{"href":"https:\/\/turknak.com.tr\/tr\/wp-json\/wp\/v2\/media?parent=3726"}],"curies":[{"name":"wp","href":"https:\/\/api.w.org\/{rel}","templated":true}]}}