{"id":3655,"date":"2021-05-27T15:33:26","date_gmt":"2021-05-27T15:33:26","guid":{"rendered":"https:\/\/insurance.liquid-themes.com\/?page_id=3655"},"modified":"2024-11-29T12:50:41","modified_gmt":"2024-11-29T12:50:41","slug":"tarihcemiz","status":"publish","type":"page","link":"https:\/\/turknak.com.tr\/tr\/tarihcemiz\/","title":{"rendered":"TAR\u0130H\u00c7EM\u0130Z"},"content":{"rendered":"<p>[vc_row equal_height=&#8221;yes&#8221; content_placement=&#8221;middle&#8221; bg_position=&#8221;center center&#8221; el_id=&#8221;business-consultation&#8221; responsive_css=&#8221;padding_top_medium:60px|padding_bottom_medium:50px&#8221; css=&#8221;.vc_custom_1622216472021{padding-top: 80px !important;padding-bottom: 30px !important;background-image: url(https:\/\/itbusinesspro.liquid-themes.com\/wp-content\/uploads\/2021\/01\/bg-2@2x.jpg?id=8896) !important;background-position: center !important;background-repeat: no-repeat !important;background-size: contain !important;}&#8221;][vc_column offset=&#8221;vc_col-md-5&#8243; responsive_align=&#8221;text-right text-sm-center text-md-right&#8221; responsive_css=&#8221;margin_bottom_medium:0px&#8221; css=&#8221;.vc_custom_1610196406027{margin-bottom: 80px !important;}&#8221;]<div id=\"ld_images_group_container_69f4425fc39ad\" class=\"lqd-imggrp-container ld_images_group_container_69f4425fc39ad\"   >\n\t<div class=\"lqd-imggrp-inner\">\n\t\t<style>.ld_images_group_element_69f4425fc3eeb {margin-top:40px !important;  } .ld_images_group_element_69f4425fc3eeb {margin-top:40px !important;  } <\/style><div id=\"ld_images_group_element_69f4425fc3eeb\" class=\"lqd-imggrp-single ld_images_group_element_69f4425fc3eeb\" data-shadow-style=\"4\" data-inview=\"true\" data-animate-shadow=\"true\"  >\n\t\n\t<div class=\"lqd-imggrp-img-container\"    data-parallax=\"true\" data-parallax-from='{\"y\":35}' data-parallax-to='{\"y\":-45}' data-parallax-options='{\"overflowHidden\":false,\"ease\":\"linear\",\"start\":\"top bottom\"}'>\n\t\t\n\t\t\t\t\n\t\t\t\t<figure ><img decoding=\"async\" width=\"960\" height=\"540\" src=\"https:\/\/turknak.com.tr\/tr\/wp-content\/uploads\/2024\/11\/4.jpg\" srcset=\"https:\/\/turknak.com.tr\/tr\/wp-content\/uploads\/2024\/11\/4-300x169.jpg 300w, https:\/\/turknak.com.tr\/tr\/wp-content\/uploads\/2024\/11\/4-1024x576.jpg 1024w, https:\/\/turknak.com.tr\/tr\/wp-content\/uploads\/2024\/11\/4.jpg 1920w\" class=\"\" alt=\"\" itemprop=\"image\" \/><\/figure>\t\t\t\t\t\t\t\t\n\t<\/div><!-- \/.lqd-imggrp-content -->\n<\/div><!-- \/.lqd-imggrp-single -->\n\t\n\t<\/div><!-- \/.lqd-imggrp-inner -->\n<\/div><!-- \/.lqd-imggrp-container -->[\/vc_column][vc_column enable_content_animation=&#8221;yes&#8221; ca_init_scale_x=&#8221;1&#8243; ca_init_scale_y=&#8221;1&#8243; ca_init_opacity=&#8221;0&#8243; ca_an_scale_x=&#8221;1&#8243; ca_an_scale_y=&#8221;1&#8243; ca_an_opacity=&#8221;1&#8243; ca_init_scale_z=&#8221;1&#8243; ca_an_scale_z=&#8221;1&#8243; offset=&#8221;vc_col-md-offset-1 vc_col-md-5&#8243; responsive_css=&#8221;padding_left_medium:14%25&#8243; ca_duration=&#8221;1800&#8243; ca_delay=&#8221;180&#8243; ca_init_translate_y=&#8221;35&#8243;][vc_text_separator title=&#8221;Tarih\u00e7emiz&#8221; title_align=&#8221;separator_align_left&#8221; color=&#8221;custom&#8221; accent_color=&#8221;rgba(6,14,98,0.13)&#8221;]<style>.ld_fancy_heading_69f4425fc5fba h2 {font-size:15vw; } @media (min-width: 768px) { .ld_fancy_heading_69f4425fc5fba h2 {font-size:60px; }  } .ld_fancy_heading_69f4425fc5fba h2 {line-height:1em; } .ld_fancy_heading_69f4425fc5fba h2 {--element-line-height:1em; } .ld_fancy_heading_69f4425fc5fba .lqd-highlight-inner{height:0.275em!important;bottom:0px!important;}.ld_fancy_heading_69f4425fc5fba h2 {font-size:15vw; } @media (min-width: 768px) { .ld_fancy_heading_69f4425fc5fba h2 {font-size:60px; }  } .ld_fancy_heading_69f4425fc5fba h2 {line-height:1em; } .ld_fancy_heading_69f4425fc5fba h2 {--element-line-height:1em; } <\/style><div class=\"ld-fancy-heading ld_fancy_heading_69f4425fc5fba\">\n\t<h2 class=\"ld-fh-element lqd-highlight-underline lqd-highlight-grow-left text-decoration-default\"   >  T\u00fcrknak<\/h2><\/div>[\/vc_column][\/vc_row][vc_row content_placement=&#8221;middle&#8221; responsive_css=&#8221;padding_top_medium:100px|padding_bottom_medium:100px&#8221; css=&#8221;.vc_custom_1621613980008{padding-top: 70px !important;padding-bottom: 70px !important;}&#8221; el_id=&#8221;packages&#8221;][vc_column responsive_align=&#8221;text-center&#8221; responsive_css=&#8221;padding_top_medium:0px&#8221; css=&#8221;.vc_custom_1621616700255{padding-top: 30px !important;}&#8221;][vc_column_text]<\/p>\n<p style=\"text-align: left;\">Firmam\u0131z ilk faaliyetine \u0130stanbul Zeytinburnu galaxy i\u015f merkezinde ba\u015flad\u0131. Daha sonra 2004 y\u0131l\u0131nda Emek Nakliyat Ambar\u0131 ve Kastamonu Nakliyat Ambar\u0131 deneyim ve birikimlerini birle\u015ftirerek da\u011f\u0131t\u0131m ve toplama organizasyonunu hayata ge\u00e7irdi.<\/p>\n<p style=\"text-align: left;\">Ankara\u2019dan \u0130stanbul\u2019a ve \u0130stanbul\u2019dan Ankara\u2019ya g\u00fcnl\u00fck ortalama 400 ton ve 14.000-15.000 par\u00e7a y\u00fck\u00fcn ortalama 30 kamyon kapasite ile y\u00fckleme bo\u015faltma ve da\u011f\u0131t\u0131m\u0131 ger\u00e7ekle\u015ftirmektedir.<\/p>\n<p style=\"text-align: left;\">Gece vardiyas\u0131 ekibi ile \u0130stanbul\u2019dan yol yasa\u011f\u0131ndan \u00f6nce \u00e7\u0131k\u0131p Ankara\u2019ya gelen ara\u00e7lar bo\u015falt\u0131lmak \u00fczere saat 04:00 de peronlara al\u0131narak \u015eehiri\u00e7i servis ara\u00e7lar\u0131na y\u00fcklenirler. Sabah vardiyas\u0131nda gelen ekibimiz taraf\u0131ndan, yol mesafelerine ba\u011fl\u0131 olmak kayd\u0131 ile saat 08:45 ile 09:00 aras\u0131nda y\u00fckleri m\u00fc\u015fterilerimize ula\u015ft\u0131rmam\u0131z sa\u011flan\u0131r. T\u00fcm birimlerdeki toplam 30 adet \u015eehiri\u00e7i da\u011f\u0131t\u0131m-toplama servis ara\u00e7lar\u0131 ve birimlerdeki toplam 102 \u00e7al\u0131\u015fan\u0131 ile komplike ta\u015f\u0131ma faaliyetlerini y\u00fcr\u00fctmektedir.<\/p>\n<p style=\"text-align: left;\">Firmam\u0131z 4925 Say\u0131l\u0131 Karayolu Ta\u015f\u0131ma Kanunu gere\u011fince t\u00fcm komplike ta\u015f\u0131ma i\u015fleri organizat\u00f6rl\u00fc\u011f\u00fc ger\u00e7ekle\u015ftirebilmek ad\u0131na gerekli olan R1 ( Yurti\u00e7i Ta\u015f\u0131ma i\u015fleri organizat\u00f6rl\u00fc\u011f\u00fc ), t\u00fcm lojistik faaliyetlerimizi y\u00fcr\u00fctebilmemiz i\u00e7in gerekli olan L1 ( Yurti\u00e7i Lojistik \u0130\u015fletmecili\u011fi ) Yetki Belgelerine de sahiptir. Firmam\u0131z, kurucu ortaklar\u0131n\u0131n da kat\u0131l\u0131m\u0131yla, T\u00fcrkiye\u2019de bir ilk ve tek lojistik k\u00f6y projesi olan Ankara Lojistik \u00dcss\u00fcnde Ankara Grup Nakliyeciler A.\u015e. kurucu orta\u011f\u0131 olarak yerini alm\u0131\u015ft\u0131r. Sekt\u00f6r\u00fcne ve b\u00f6lgesine katk\u0131 koyan, istihdam \u00fcreten i\u015fadamlar\u0131, kurumlar olarak elimizi ta\u015f\u0131n alt\u0131na koyduk.<\/p>\n<p style=\"text-align: left;\">20.000m2 kapal\u0131 alan i\u00e7erisinde 300 adet ofis ve d\u00fckkanlardan olu\u015fan komplekste, yakla\u015f\u0131k 15.000.000 USD tutar\u0131nda bir yat\u0131r\u0131mla, Ankara Lojistik \u00dcss\u00fc Yurti\u00e7i Nakliyeciler b\u00f6l\u00fcm\u00fc in\u015faat\u0131n\u0131 2009 y\u0131l\u0131nda ba\u015flatt\u0131k, 2011 y\u0131l\u0131 May\u0131s ay\u0131 sonlar\u0131nda tamamlanan komplekste \u00e7a\u011fda\u015f, modern ve ya\u015fanabilir \u00e7al\u0131\u015fma alanlar\u0131 olu\u015fturarak, mesle\u011fimizin emektar meslekta\u015flar\u0131n\u0131, hak ettikleri bir tesisle bulu\u015fturman\u0131n heyecan\u0131n\u0131 ya\u015famaktay\u0131z. \u015eehrimize ve \u00fclkemize hay\u0131rl\u0131 olsun.<\/p>\n<p>[\/vc_column_text][\/vc_column][\/vc_row]<\/p>\n","protected":false},"excerpt":{"rendered":"<p>[vc_row equal_height=&#8221;yes&#8221; content_placement=&#8221;middle&#8221; bg_position=&#8221;center center&#8221; el_id=&#8221;business-consultation&#8221; responsive_css=&#8221;padding_top_medium:60px|padding_bottom_medium:50px&#8221; css=&#8221;.vc_custom_1622216472021{padding-top: 80px !important;padding-bottom: 30px !important;background-image: url(https:\/\/itbusinesspro.liquid-themes.com\/wp-content\/uploads\/2021\/01\/bg-2@2x.jpg?id=8896) !important;background-position: center !important;background-repeat: no-repeat !important;background-size: contain !important;}&#8221;][vc_column offset=&#8221;vc_col-md-5&#8243; responsive_align=&#8221;text-right text-sm-center text-md-right&#8221; responsive_css=&#8221;margin_bottom_medium:0px&#8221; css=&#8221;.vc_custom_1610196406027{margin-bottom: 80px !important;}&#8221;][\/vc_column][vc_column enable_content_animation=&#8221;yes&#8221; ca_init_scale_x=&#8221;1&#8243; ca_init_scale_y=&#8221;1&#8243; ca_init_opacity=&#8221;0&#8243; ca_an_scale_x=&#8221;1&#8243; ca_an_scale_y=&#8221;1&#8243; ca_an_opacity=&#8221;1&#8243; ca_init_scale_z=&#8221;1&#8243; ca_an_scale_z=&#8221;1&#8243; offset=&#8221;vc_col-md-offset-1 vc_col-md-5&#8243; responsive_css=&#8221;padding_left_medium:14%25&#8243; ca_duration=&#8221;1800&#8243; ca_delay=&#8221;180&#8243; ca_init_translate_y=&#8221;35&#8243;][vc_text_separator title=&#8221;Tarih\u00e7emiz&#8221; title_align=&#8221;separator_align_left&#8221; color=&#8221;custom&#8221; accent_color=&#8221;rgba(6,14,98,0.13)&#8221;][\/vc_column][\/vc_row][vc_row content_placement=&#8221;middle&#8221; responsive_css=&#8221;padding_top_medium:100px|padding_bottom_medium:100px&#8221; css=&#8221;.vc_custom_1621613980008{padding-top: 70px !important;padding-bottom: 70px !important;}&#8221; el_id=&#8221;packages&#8221;][vc_column [&hellip;]<\/p>\n","protected":false},"author":1,"featured_media":0,"parent":0,"menu_order":0,"comment_status":"closed","ping_status":"closed","template":"","meta":{"footnotes":""},"class_list":["post-3655","page","type-page","status-publish","hentry"],"_links":{"self":[{"href":"https:\/\/turknak.com.tr\/tr\/wp-json\/wp\/v2\/pages\/3655","targetHints":{"allow":["GET"]}}],"collection":[{"href":"https:\/\/turknak.com.tr\/tr\/wp-json\/wp\/v2\/pages"}],"about":[{"href":"https:\/\/turknak.com.tr\/tr\/wp-json\/wp\/v2\/types\/page"}],"author":[{"embeddable":true,"href":"https:\/\/turknak.com.tr\/tr\/wp-json\/wp\/v2\/users\/1"}],"replies":[{"embeddable":true,"href":"https:\/\/turknak.com.tr\/tr\/wp-json\/wp\/v2\/comments?post=3655"}],"version-history":[{"count":3,"href":"https:\/\/turknak.com.tr\/tr\/wp-json\/wp\/v2\/pages\/3655\/revisions"}],"predecessor-version":[{"id":3779,"href":"https:\/\/turknak.com.tr\/tr\/wp-json\/wp\/v2\/pages\/3655\/revisions\/3779"}],"wp:attachment":[{"href":"https:\/\/turknak.com.tr\/tr\/wp-json\/wp\/v2\/media?parent=3655"}],"curies":[{"name":"wp","href":"https:\/\/api.w.org\/{rel}","templated":true}]}}